	 {"id":1298,"date":"2021-04-20T15:03:56","date_gmt":"2021-04-20T13:03:56","guid":{"rendered":"https:\/\/a28.outsource.dk\/?page_id=1298"},"modified":"2022-02-11T08:17:41","modified_gmt":"2022-02-11T07:17:41","slug":"nyheder-artikler","status":"publish","type":"page","link":"https:\/\/rovfluen.com\/de\/nyheder-artikler\/","title":{"rendered":"Nyheder\/artikler"},"content":{"rendered":"<div data-elementor-type=\"wp-page\" data-elementor-id=\"1298\" class=\"elementor elementor-1298\">\n\t\t\t\t\t\t<section class=\"elementor-section elementor-top-section elementor-element elementor-element-5665758 elementor-section-boxed elementor-section-height-default elementor-section-height-default\" data-id=\"5665758\" data-element_type=\"section\" data-settings=\"{&quot;background_background&quot;:&quot;classic&quot;}\">\n\t\t\t\t\t\t<div class=\"elementor-container elementor-column-gap-default\">\n\t\t\t\t\t<div class=\"elementor-column elementor-col-100 elementor-top-column elementor-element elementor-element-c284a0d\" data-id=\"c284a0d\" data-element_type=\"column\">\n\t\t\t<div class=\"elementor-widget-wrap elementor-element-populated\">\n\t\t\t\t\t\t<section class=\"elementor-section elementor-inner-section elementor-element elementor-element-92b3bb0 elementor-section-boxed elementor-section-height-default elementor-section-height-default\" data-id=\"92b3bb0\" data-element_type=\"section\">\n\t\t\t\t\t\t<div class=\"elementor-container elementor-column-gap-default\">\n\t\t\t\t\t<div class=\"elementor-column elementor-col-50 elementor-inner-column elementor-element elementor-element-830317d elementor-invisible\" data-id=\"830317d\" data-element_type=\"column\" data-settings=\"{&quot;animation&quot;:&quot;fadeIn&quot;}\">\n\t\t\t<div class=\"elementor-widget-wrap elementor-element-populated\">\n\t\t\t\t\t\t<div class=\"elementor-element elementor-element-aaf205f elementor-widget elementor-widget-heading\" data-id=\"aaf205f\" data-element_type=\"widget\" data-widget_type=\"heading.default\">\n\t\t\t\t<div class=\"elementor-widget-container\">\n\t\t\t\t\t<h1 class=\"elementor-heading-title elementor-size-default\">Nyheder &amp; <span style=\"color: #86163a\">artikler<\/span><\/h1>\t\t\t\t<\/div>\n\t\t\t\t<\/div>\n\t\t\t\t<div class=\"elementor-element elementor-element-0beed48 elementor-widget-divider--separator-type-pattern elementor-widget-divider--view-line elementor-widget elementor-widget-divider\" data-id=\"0beed48\" data-element_type=\"widget\" data-widget_type=\"divider.default\">\n\t\t\t\t<div class=\"elementor-widget-container\">\n\t\t\t\t\t\t\t<div class=\"elementor-divider\" style=\"--divider-pattern-url: url(&quot;data:image\/svg+xml,%3Csvg xmlns=&#039;http:\/\/www.w3.org\/2000\/svg&#039; preserveAspectRatio=&#039;none&#039; overflow=&#039;visible&#039; height=&#039;100%&#039; viewBox=&#039;0 0 20 16&#039; fill=&#039;none&#039; stroke=&#039;black&#039; stroke-width=&#039;2&#039; stroke-linecap=&#039;square&#039; stroke-miterlimit=&#039;10&#039;%3E%3Cg transform=&#039;translate(-12.000000, 0)&#039;%3E%3Cpath d=&#039;M28,0L10,18&#039;\/%3E%3Cpath d=&#039;M18,0L0,18&#039;\/%3E%3Cpath d=&#039;M48,0L30,18&#039;\/%3E%3Cpath d=&#039;M38,0L20,18&#039;\/%3E%3C\/g%3E%3C\/svg%3E&quot;);\">\n\t\t\t<span class=\"elementor-divider-separator\">\n\t\t\t\t\t\t<\/span>\n\t\t<\/div>\n\t\t\t\t\t\t<\/div>\n\t\t\t\t<\/div>\n\t\t\t\t<div class=\"elementor-element elementor-element-dcc1421 elementor-widget__width-auto elementor-fixed elementor-widget elementor-widget-button\" data-id=\"dcc1421\" data-element_type=\"widget\" data-settings=\"{&quot;_position&quot;:&quot;fixed&quot;}\" data-widget_type=\"button.default\">\n\t\t\t\t<div class=\"elementor-widget-container\">\n\t\t\t\t\t\t\t\t\t<div class=\"elementor-button-wrapper\">\n\t\t\t\t\t<a class=\"elementor-button elementor-button-link elementor-size-sm\" href=\"tel:75756348\">\n\t\t\t\t\t\t<span class=\"elementor-button-content-wrapper\">\n\t\t\t\t\t\t<span class=\"elementor-button-icon\">\n\t\t\t\t<i aria-hidden=\"true\" class=\"fas fa-phone\"><\/i>\t\t\t<\/span>\n\t\t\t\t\t\t\t\t\t<span class=\"elementor-button-text\">75 75 63 48<\/span>\n\t\t\t\t\t<\/span>\n\t\t\t\t\t<\/a>\n\t\t\t\t<\/div>\n\t\t\t\t\t\t\t\t<\/div>\n\t\t\t\t<\/div>\n\t\t\t\t<div class=\"elementor-element elementor-element-8c6b3ee elementor-widget__width-auto elementor-fixed elementor-widget elementor-widget-button\" data-id=\"8c6b3ee\" data-element_type=\"widget\" data-settings=\"{&quot;_position&quot;:&quot;fixed&quot;}\" data-widget_type=\"button.default\">\n\t\t\t\t<div class=\"elementor-widget-container\">\n\t\t\t\t\t\t\t\t\t<div class=\"elementor-button-wrapper\">\n\t\t\t\t\t<a class=\"elementor-button elementor-button-link elementor-size-sm\" href=\"#elementor-action%3Aaction%3Dpopup%3Aopen%26settings%3DeyJpZCI6IjYzNiIsInRvZ2dsZSI6ZmFsc2V9\">\n\t\t\t\t\t\t<span class=\"elementor-button-content-wrapper\">\n\t\t\t\t\t\t<span class=\"elementor-button-icon\">\n\t\t\t\t<i aria-hidden=\"true\" class=\"fas fa-coins\"><\/i>\t\t\t<\/span>\n\t\t\t\t\t\t\t\t\t<span class=\"elementor-button-text\">Tilbud!<\/span>\n\t\t\t\t\t<\/span>\n\t\t\t\t\t<\/a>\n\t\t\t\t<\/div>\n\t\t\t\t\t\t\t\t<\/div>\n\t\t\t\t<\/div>\n\t\t\t\t\t<\/div>\n\t\t<\/div>\n\t\t\t\t<div class=\"elementor-column elementor-col-50 elementor-inner-column elementor-element elementor-element-f821eb0\" data-id=\"f821eb0\" data-element_type=\"column\">\n\t\t\t<div class=\"elementor-widget-wrap\">\n\t\t\t\t\t\t\t<\/div>\n\t\t<\/div>\n\t\t\t\t\t<\/div>\n\t\t<\/section>\n\t\t\t\t\t<\/div>\n\t\t<\/div>\n\t\t\t\t\t<\/div>\n\t\t<\/section>\n\t\t\t\t<section class=\"elementor-section elementor-top-section elementor-element elementor-element-3484947 elementor-section-boxed elementor-section-height-default elementor-section-height-default\" data-id=\"3484947\" data-element_type=\"section\">\n\t\t\t\t\t\t<div class=\"elementor-container elementor-column-gap-default\">\n\t\t\t\t\t<div class=\"elementor-column elementor-col-100 elementor-top-column elementor-element elementor-element-06f171c\" data-id=\"06f171c\" data-element_type=\"column\">\n\t\t\t<div class=\"elementor-widget-wrap elementor-element-populated\">\n\t\t\t\t\t\t<div class=\"elementor-element elementor-element-9604520 elementor-grid-2 elementor-grid-tablet-2 elementor-grid-mobile-1 elementor-posts--thumbnail-top elementor-widget elementor-widget-posts\" data-id=\"9604520\" data-element_type=\"widget\" data-settings=\"{&quot;classic_columns&quot;:&quot;2&quot;,&quot;classic_columns_tablet&quot;:&quot;2&quot;,&quot;classic_columns_mobile&quot;:&quot;1&quot;,&quot;classic_row_gap&quot;:{&quot;unit&quot;:&quot;px&quot;,&quot;size&quot;:35,&quot;sizes&quot;:[]},&quot;classic_row_gap_tablet&quot;:{&quot;unit&quot;:&quot;px&quot;,&quot;size&quot;:&quot;&quot;,&quot;sizes&quot;:[]},&quot;classic_row_gap_mobile&quot;:{&quot;unit&quot;:&quot;px&quot;,&quot;size&quot;:&quot;&quot;,&quot;sizes&quot;:[]}}\" data-widget_type=\"posts.classic\">\n\t\t\t\t<div class=\"elementor-widget-container\">\n\t\t\t\t\t\t\t<div class=\"elementor-posts-container elementor-posts elementor-posts--skin-classic elementor-grid\">\n\t\t\t\t<article class=\"elementor-post elementor-grid-item post-1514 post type-post status-publish format-standard has-post-thumbnail hentry category-uncategorized\">\n\t\t\t\t<a class=\"elementor-post__thumbnail__link\" href=\"https:\/\/succesvirksomhed.dk\/#\" >\n\t\t\t<div class=\"elementor-post__thumbnail\"><img fetchpriority=\"high\" decoding=\"async\" width=\"750\" height=\"975\" src=\"https:\/\/rovfluen.com\/wp-content\/uploads\/2021\/12\/Succes-virksomhed-2021.jpg-2.jpg\" class=\"attachment-medium_large size-medium_large wp-image-1516\" alt=\"\" srcset=\"https:\/\/rovfluen.com\/wp-content\/uploads\/2021\/12\/Succes-virksomhed-2021.jpg-2.jpg 750w, https:\/\/rovfluen.com\/wp-content\/uploads\/2021\/12\/Succes-virksomhed-2021.jpg-2-231x300.jpg 231w, https:\/\/rovfluen.com\/wp-content\/uploads\/2021\/12\/Succes-virksomhed-2021.jpg-2-600x780.jpg 600w\" sizes=\"(max-width: 750px) 100vw, 750px\" \/><\/div>\n\t\t<\/a>\n\t\t\t\t<div class=\"elementor-post__text\">\n\t\t\t\t<h3 class=\"elementor-post__title\">\n\t\t\t<a href=\"https:\/\/succesvirksomhed.dk\/#\" >\n\t\t\t\tSuccesvirksomhed er en erhvervspris, som hylder det lange, seje tr\u00e6k\t\t\t<\/a>\n\t\t<\/h3>\n\t\t\t\t<div class=\"elementor-post__excerpt\">\n\t\t\t\t\t<\/div>\n\t\t\t\t\t<a class=\"elementor-post__read-more\" href=\"https:\/\/succesvirksomhed.dk\/#\" >\n\t\t\t\tL\u00e6s mere \u00bb\t\t\t<\/a>\n\t\t\t\t<\/div>\n\t\t\t\t<\/article>\n\t\t\t\t<article class=\"elementor-post elementor-grid-item post-1464 post type-post status-publish format-standard has-post-thumbnail hentry category-uncategorized\">\n\t\t\t\t<a class=\"elementor-post__thumbnail__link\" href=\"https:\/\/www.tvmidtvest.dk\/nyheder\/13-11-2014\/1930\/hele-1930-udsendelsen?clip=2cd50a8d-7891-4442-bb58-1202b123e9af\" >\n\t\t\t<div class=\"elementor-post__thumbnail\"><img decoding=\"async\" width=\"487\" height=\"353\" src=\"https:\/\/rovfluen.com\/wp-content\/uploads\/2021\/07\/Skaermbillede-2021-07-02-kl.-11.13.59.png\" class=\"attachment-medium_large size-medium_large wp-image-1465\" alt=\"\" srcset=\"https:\/\/rovfluen.com\/wp-content\/uploads\/2021\/07\/Skaermbillede-2021-07-02-kl.-11.13.59.png 487w, https:\/\/rovfluen.com\/wp-content\/uploads\/2021\/07\/Skaermbillede-2021-07-02-kl.-11.13.59-300x217.png 300w\" sizes=\"(max-width: 487px) 100vw, 487px\" \/><\/div>\n\t\t<\/a>\n\t\t\t\t<div class=\"elementor-post__text\">\n\t\t\t\t<h3 class=\"elementor-post__title\">\n\t\t\t<a href=\"https:\/\/www.tvmidtvest.dk\/nyheder\/13-11-2014\/1930\/hele-1930-udsendelsen?clip=2cd50a8d-7891-4442-bb58-1202b123e9af\" >\n\t\t\t\tRovfluen i TV2 Midt Vest\t\t\t<\/a>\n\t\t<\/h3>\n\t\t\t\t<div class=\"elementor-post__excerpt\">\n\t\t\t\t\t<\/div>\n\t\t\t\t\t<a class=\"elementor-post__read-more\" href=\"https:\/\/www.tvmidtvest.dk\/nyheder\/13-11-2014\/1930\/hele-1930-udsendelsen?clip=2cd50a8d-7891-4442-bb58-1202b123e9af\" >\n\t\t\t\tL\u00e6s mere \u00bb\t\t\t<\/a>\n\t\t\t\t<\/div>\n\t\t\t\t<\/article>\n\t\t\t\t<article class=\"elementor-post elementor-grid-item post-1462 post type-post status-publish format-standard has-post-thumbnail hentry category-uncategorized\">\n\t\t\t\t<a class=\"elementor-post__thumbnail__link\" href=\"https:\/\/effektivtlandbrug.landbrugnet.dk\/artikler\/arkiv\/13448\/styr-paa-skadedyrene.aspx\" >\n\t\t\t<div class=\"elementor-post__thumbnail\"><img decoding=\"async\" width=\"768\" height=\"1151\" src=\"https:\/\/rovfluen.com\/wp-content\/uploads\/2020\/08\/DSC00453-768x1151.jpg\" class=\"attachment-medium_large size-medium_large wp-image-1228\" alt=\"\" srcset=\"https:\/\/rovfluen.com\/wp-content\/uploads\/2020\/08\/DSC00453-768x1151.jpg 768w, https:\/\/rovfluen.com\/wp-content\/uploads\/2020\/08\/DSC00453-200x300.jpg 200w, https:\/\/rovfluen.com\/wp-content\/uploads\/2020\/08\/DSC00453-683x1024.jpg 683w, https:\/\/rovfluen.com\/wp-content\/uploads\/2020\/08\/DSC00453-600x899.jpg 600w, https:\/\/rovfluen.com\/wp-content\/uploads\/2020\/08\/DSC00453.jpg 1000w\" sizes=\"(max-width: 768px) 100vw, 768px\" \/><\/div>\n\t\t<\/a>\n\t\t\t\t<div class=\"elementor-post__text\">\n\t\t\t\t<h3 class=\"elementor-post__title\">\n\t\t\t<a href=\"https:\/\/effektivtlandbrug.landbrugnet.dk\/artikler\/arkiv\/13448\/styr-paa-skadedyrene.aspx\" >\n\t\t\t\tStyr p\u00e5 skadedyrene\t\t\t<\/a>\n\t\t<\/h3>\n\t\t\t\t<div class=\"elementor-post__excerpt\">\n\t\t\t\t\t<\/div>\n\t\t\t\t\t<a class=\"elementor-post__read-more\" href=\"https:\/\/effektivtlandbrug.landbrugnet.dk\/artikler\/arkiv\/13448\/styr-paa-skadedyrene.aspx\" >\n\t\t\t\tL\u00e6s mere \u00bb\t\t\t<\/a>\n\t\t\t\t<\/div>\n\t\t\t\t<\/article>\n\t\t\t\t<article class=\"elementor-post elementor-grid-item post-1459 post type-post status-publish format-standard has-post-thumbnail hentry category-uncategorized\">\n\t\t\t\t<a class=\"elementor-post__thumbnail__link\" href=\"https:\/\/baeredygtigtlandbrug.dk\/2018\/01\/ansvarlige-landmaend-saetter-kraefterne-ind-for-at-undgaa-rotter\/\" >\n\t\t\t<div class=\"elementor-post__thumbnail\"><img loading=\"lazy\" decoding=\"async\" width=\"768\" height=\"306\" src=\"https:\/\/rovfluen.com\/wp-content\/uploads\/2021\/07\/rotter2-1024x408-1-768x306.jpg\" class=\"attachment-medium_large size-medium_large wp-image-1460\" alt=\"\" srcset=\"https:\/\/rovfluen.com\/wp-content\/uploads\/2021\/07\/rotter2-1024x408-1-768x306.jpg 768w, https:\/\/rovfluen.com\/wp-content\/uploads\/2021\/07\/rotter2-1024x408-1-300x120.jpg 300w, https:\/\/rovfluen.com\/wp-content\/uploads\/2021\/07\/rotter2-1024x408-1-600x239.jpg 600w, https:\/\/rovfluen.com\/wp-content\/uploads\/2021\/07\/rotter2-1024x408-1.jpg 1024w\" sizes=\"(max-width: 768px) 100vw, 768px\" \/><\/div>\n\t\t<\/a>\n\t\t\t\t<div class=\"elementor-post__text\">\n\t\t\t\t<h3 class=\"elementor-post__title\">\n\t\t\t<a href=\"https:\/\/baeredygtigtlandbrug.dk\/2018\/01\/ansvarlige-landmaend-saetter-kraefterne-ind-for-at-undgaa-rotter\/\" >\n\t\t\t\tAnsvarlige landm\u00e6nd s\u00e6tter kr\u00e6fterne ind for at undg\u00e5 rotter\t\t\t<\/a>\n\t\t<\/h3>\n\t\t\t\t<div class=\"elementor-post__excerpt\">\n\t\t\t\t\t<\/div>\n\t\t\t\t\t<a class=\"elementor-post__read-more\" href=\"https:\/\/baeredygtigtlandbrug.dk\/2018\/01\/ansvarlige-landmaend-saetter-kraefterne-ind-for-at-undgaa-rotter\/\" >\n\t\t\t\tL\u00e6s mere \u00bb\t\t\t<\/a>\n\t\t\t\t<\/div>\n\t\t\t\t<\/article>\n\t\t\t\t<article class=\"elementor-post elementor-grid-item post-1 post type-post status-publish format-standard has-post-thumbnail hentry category-uncategorized\">\n\t\t\t\t<a class=\"elementor-post__thumbnail__link\" href=\"https:\/\/www.norsklandbruk.no\/husdyr\/bli-kvitt-fjosfluene-med-rovfluer\/\" >\n\t\t\t<div class=\"elementor-post__thumbnail\"><img loading=\"lazy\" decoding=\"async\" width=\"559\" height=\"838\" src=\"https:\/\/rovfluen.com\/wp-content\/uploads\/2019\/11\/imengine.public.prod_.tun_.infomaker.io_.jpeg\" class=\"attachment-medium_large size-medium_large wp-image-1458\" alt=\"\" srcset=\"https:\/\/rovfluen.com\/wp-content\/uploads\/2019\/11\/imengine.public.prod_.tun_.infomaker.io_.jpeg 559w, https:\/\/rovfluen.com\/wp-content\/uploads\/2019\/11\/imengine.public.prod_.tun_.infomaker.io_-200x300.jpeg 200w\" sizes=\"(max-width: 559px) 100vw, 559px\" \/><\/div>\n\t\t<\/a>\n\t\t\t\t<div class=\"elementor-post__text\">\n\t\t\t\t<h3 class=\"elementor-post__title\">\n\t\t\t<a href=\"https:\/\/www.norsklandbruk.no\/husdyr\/bli-kvitt-fjosfluene-med-rovfluer\/\" >\n\t\t\t\tBli kvitt fj\u00f8sfluene med rovfluer\t\t\t<\/a>\n\t\t<\/h3>\n\t\t\t\t<div class=\"elementor-post__excerpt\">\n\t\t\t\t\t<\/div>\n\t\t\t\t\t<a class=\"elementor-post__read-more\" href=\"https:\/\/www.norsklandbruk.no\/husdyr\/bli-kvitt-fjosfluene-med-rovfluer\/\" >\n\t\t\t\tL\u00e6s mere \u00bb\t\t\t<\/a>\n\t\t\t\t<\/div>\n\t\t\t\t<\/article>\n\t\t\t\t<\/div>\n\n\n\t\t\n\t\t\t\t\t\t<\/div>\n\t\t\t\t<\/div>\n\t\t\t\t\t<\/div>\n\t\t<\/div>\n\t\t\t\t\t<\/div>\n\t\t<\/section>\n\t\t\t\t<\/div>","protected":false},"excerpt":{"rendered":"<p>Nyheder &amp; artikler 75 75 63 48 Tilbud!<\/p>","protected":false},"author":1,"featured_media":0,"parent":0,"menu_order":0,"comment_status":"closed","ping_status":"closed","template":"","meta":{"site-sidebar-layout":"no-sidebar","site-content-layout":"page-builder","ast-site-content-layout":"default","site-content-style":"default","site-sidebar-style":"default","ast-global-header-display":"","ast-banner-title-visibility":"","ast-main-header-display":"","ast-hfb-above-header-display":"","ast-hfb-below-header-display":"","ast-hfb-mobile-header-display":"","site-post-title":"disabled","ast-breadcrumbs-content":"","ast-featured-img":"disabled","footer-sml-layout":"","ast-disable-related-posts":"","theme-transparent-header-meta":"default","adv-header-id-meta":"","stick-header-meta":"","header-above-stick-meta":"","header-main-stick-meta":"","header-below-stick-meta":"","astra-migrate-meta-layouts":"default","ast-page-background-enabled":"default","ast-page-background-meta":{"desktop":{"background-color":"","background-image":"","background-repeat":"repeat","background-position":"center center","background-size":"auto","background-attachment":"scroll","background-type":"","background-media":"","overlay-type":"","overlay-color":"","overlay-opacity":"","overlay-gradient":""},"tablet":{"background-color":"","background-image":"","background-repeat":"repeat","background-position":"center center","background-size":"auto","background-attachment":"scroll","background-type":"","background-media":"","overlay-type":"","overlay-color":"","overlay-opacity":"","overlay-gradient":""},"mobile":{"background-color":"","background-image":"","background-repeat":"repeat","background-position":"center center","background-size":"auto","background-attachment":"scroll","background-type":"","background-media":"","overlay-type":"","overlay-color":"","overlay-opacity":"","overlay-gradient":""}},"ast-content-background-meta":{"desktop":{"background-color":"var(--ast-global-color-5)","background-image":"","background-repeat":"repeat","background-position":"center center","background-size":"auto","background-attachment":"scroll","background-type":"","background-media":"","overlay-type":"","overlay-color":"","overlay-opacity":"","overlay-gradient":""},"tablet":{"background-color":"var(--ast-global-color-5)","background-image":"","background-repeat":"repeat","background-position":"center center","background-size":"auto","background-attachment":"scroll","background-type":"","background-media":"","overlay-type":"","overlay-color":"","overlay-opacity":"","overlay-gradient":""},"mobile":{"background-color":"var(--ast-global-color-5)","background-image":"","background-repeat":"repeat","background-position":"center center","background-size":"auto","background-attachment":"scroll","background-type":"","background-media":"","overlay-type":"","overlay-color":"","overlay-opacity":"","overlay-gradient":""}},"footnotes":"","_links_to":"","_links_to_target":""},"class_list":["post-1298","page","type-page","status-publish","hentry"],"yoast_head":"<!-- This site is optimized with the Yoast SEO plugin v27.4 - https:\/\/yoast.com\/product\/yoast-seo-wordpress\/ -->\n<title>Seneste nyheder og artikler | Tilmeld dig vores nyhedsbrev her<\/title>\n<meta name=\"description\" content=\"Tilmeld dig Rovfluens nyhedsbrev lige her \u2192 H\u00f8r de seneste nyheder om virksomheden og dens medieomtale | L\u00e6s mere her\" \/>\n<meta name=\"robots\" content=\"index, follow, max-snippet:-1, max-image-preview:large, max-video-preview:-1\" \/>\n<link rel=\"canonical\" href=\"https:\/\/rovfluen.com\/de\/nyheder-artikler\/\" \/>\n<meta property=\"og:locale\" content=\"de_DE\" \/>\n<meta property=\"og:type\" content=\"article\" \/>\n<meta property=\"og:title\" content=\"Seneste nyheder og artikler | Tilmeld dig vores nyhedsbrev her\" \/>\n<meta property=\"og:description\" content=\"Tilmeld dig Rovfluens nyhedsbrev lige her \u2192 H\u00f8r de seneste nyheder om virksomheden og dens medieomtale | L\u00e6s mere her\" \/>\n<meta property=\"og:url\" content=\"https:\/\/rovfluen.com\/de\/nyheder-artikler\/\" \/>\n<meta property=\"og:site_name\" content=\"Rovfluen ApS\" \/>\n<meta property=\"article:modified_time\" content=\"2022-02-11T07:17:41+00:00\" \/>\n<meta name=\"twitter:card\" content=\"summary_large_image\" \/>\n<meta name=\"twitter:label1\" content=\"Gesch\u00e4tzte Lesezeit\" \/>\n\t<meta name=\"twitter:data1\" content=\"1\u00a0Minute\" \/>\n<script type=\"application\/ld+json\" class=\"yoast-schema-graph\">{\"@context\":\"https:\\\/\\\/schema.org\",\"@graph\":[{\"@type\":\"WebPage\",\"@id\":\"https:\\\/\\\/rovfluen.com\\\/nyheder-artikler\\\/\",\"url\":\"https:\\\/\\\/rovfluen.com\\\/nyheder-artikler\\\/\",\"name\":\"Seneste nyheder og artikler | Tilmeld dig vores nyhedsbrev her\",\"isPartOf\":{\"@id\":\"https:\\\/\\\/rovfluen.com\\\/#website\"},\"datePublished\":\"2021-04-20T13:03:56+00:00\",\"dateModified\":\"2022-02-11T07:17:41+00:00\",\"description\":\"Tilmeld dig Rovfluens nyhedsbrev lige her \u2192 H\u00f8r de seneste nyheder om virksomheden og dens medieomtale | L\u00e6s mere her\",\"breadcrumb\":{\"@id\":\"https:\\\/\\\/rovfluen.com\\\/nyheder-artikler\\\/#breadcrumb\"},\"inLanguage\":\"de\",\"potentialAction\":[{\"@type\":\"ReadAction\",\"target\":[\"https:\\\/\\\/rovfluen.com\\\/nyheder-artikler\\\/\"]}]},{\"@type\":\"BreadcrumbList\",\"@id\":\"https:\\\/\\\/rovfluen.com\\\/nyheder-artikler\\\/#breadcrumb\",\"itemListElement\":[{\"@type\":\"ListItem\",\"position\":1,\"name\":\"Home\",\"item\":\"https:\\\/\\\/rovfluen.com\\\/\"},{\"@type\":\"ListItem\",\"position\":2,\"name\":\"Nyheder\\\/artikler\"}]},{\"@type\":\"WebSite\",\"@id\":\"https:\\\/\\\/rovfluen.com\\\/#website\",\"url\":\"https:\\\/\\\/rovfluen.com\\\/\",\"name\":\"Rovfluen ApS\",\"description\":\"\",\"publisher\":{\"@id\":\"https:\\\/\\\/rovfluen.com\\\/#organization\"},\"potentialAction\":[{\"@type\":\"SearchAction\",\"target\":{\"@type\":\"EntryPoint\",\"urlTemplate\":\"https:\\\/\\\/rovfluen.com\\\/?s={search_term_string}\"},\"query-input\":{\"@type\":\"PropertyValueSpecification\",\"valueRequired\":true,\"valueName\":\"search_term_string\"}}],\"inLanguage\":\"de\"},{\"@type\":\"Organization\",\"@id\":\"https:\\\/\\\/rovfluen.com\\\/#organization\",\"name\":\"Rovfluen ApS\",\"url\":\"https:\\\/\\\/rovfluen.com\\\/\",\"logo\":{\"@type\":\"ImageObject\",\"inLanguage\":\"de\",\"@id\":\"https:\\\/\\\/rovfluen.com\\\/#\\\/schema\\\/logo\\\/image\\\/\",\"url\":\"https:\\\/\\\/rovfluen.com\\\/wp-content\\\/uploads\\\/2020\\\/01\\\/logo-png.png\",\"contentUrl\":\"https:\\\/\\\/rovfluen.com\\\/wp-content\\\/uploads\\\/2020\\\/01\\\/logo-png.png\",\"width\":1290,\"height\":224,\"caption\":\"Rovfluen ApS\"},\"image\":{\"@id\":\"https:\\\/\\\/rovfluen.com\\\/#\\\/schema\\\/logo\\\/image\\\/\"}}]}<\/script>\n<!-- \/ Yoast SEO plugin. -->","yoast_head_json":{"title":"Seneste nyheder og artikler | Tilmeld dig vores nyhedsbrev her","description":"Tilmeld dig Rovfluens nyhedsbrev lige her \u2192 H\u00f8r de seneste nyheder om virksomheden og dens medieomtale | L\u00e6s mere her","robots":{"index":"index","follow":"follow","max-snippet":"max-snippet:-1","max-image-preview":"max-image-preview:large","max-video-preview":"max-video-preview:-1"},"canonical":"https:\/\/rovfluen.com\/de\/nyheder-artikler\/","og_locale":"de_DE","og_type":"article","og_title":"Seneste nyheder og artikler | Tilmeld dig vores nyhedsbrev her","og_description":"Tilmeld dig Rovfluens nyhedsbrev lige her \u2192 H\u00f8r de seneste nyheder om virksomheden og dens medieomtale | L\u00e6s mere her","og_url":"https:\/\/rovfluen.com\/de\/nyheder-artikler\/","og_site_name":"Rovfluen ApS","article_modified_time":"2022-02-11T07:17:41+00:00","twitter_card":"summary_large_image","twitter_misc":{"Gesch\u00e4tzte Lesezeit":"1\u00a0Minute"},"schema":{"@context":"https:\/\/schema.org","@graph":[{"@type":"WebPage","@id":"https:\/\/rovfluen.com\/nyheder-artikler\/","url":"https:\/\/rovfluen.com\/nyheder-artikler\/","name":"Seneste nyheder og artikler | Tilmeld dig vores nyhedsbrev her","isPartOf":{"@id":"https:\/\/rovfluen.com\/#website"},"datePublished":"2021-04-20T13:03:56+00:00","dateModified":"2022-02-11T07:17:41+00:00","description":"Tilmeld dig Rovfluens nyhedsbrev lige her \u2192 H\u00f8r de seneste nyheder om virksomheden og dens medieomtale | L\u00e6s mere her","breadcrumb":{"@id":"https:\/\/rovfluen.com\/nyheder-artikler\/#breadcrumb"},"inLanguage":"de","potentialAction":[{"@type":"ReadAction","target":["https:\/\/rovfluen.com\/nyheder-artikler\/"]}]},{"@type":"BreadcrumbList","@id":"https:\/\/rovfluen.com\/nyheder-artikler\/#breadcrumb","itemListElement":[{"@type":"ListItem","position":1,"name":"Home","item":"https:\/\/rovfluen.com\/"},{"@type":"ListItem","position":2,"name":"Nyheder\/artikler"}]},{"@type":"WebSite","@id":"https:\/\/rovfluen.com\/#website","url":"https:\/\/rovfluen.com\/","name":"Rovfluen ApS","description":"","publisher":{"@id":"https:\/\/rovfluen.com\/#organization"},"potentialAction":[{"@type":"SearchAction","target":{"@type":"EntryPoint","urlTemplate":"https:\/\/rovfluen.com\/?s={search_term_string}"},"query-input":{"@type":"PropertyValueSpecification","valueRequired":true,"valueName":"search_term_string"}}],"inLanguage":"de"},{"@type":"Organization","@id":"https:\/\/rovfluen.com\/#organization","name":"Rovfluen ApS","url":"https:\/\/rovfluen.com\/","logo":{"@type":"ImageObject","inLanguage":"de","@id":"https:\/\/rovfluen.com\/#\/schema\/logo\/image\/","url":"https:\/\/rovfluen.com\/wp-content\/uploads\/2020\/01\/logo-png.png","contentUrl":"https:\/\/rovfluen.com\/wp-content\/uploads\/2020\/01\/logo-png.png","width":1290,"height":224,"caption":"Rovfluen ApS"},"image":{"@id":"https:\/\/rovfluen.com\/#\/schema\/logo\/image\/"}}]}},"_links":{"self":[{"href":"https:\/\/rovfluen.com\/de\/wp-json\/wp\/v2\/pages\/1298","targetHints":{"allow":["GET"]}}],"collection":[{"href":"https:\/\/rovfluen.com\/de\/wp-json\/wp\/v2\/pages"}],"about":[{"href":"https:\/\/rovfluen.com\/de\/wp-json\/wp\/v2\/types\/page"}],"author":[{"embeddable":true,"href":"https:\/\/rovfluen.com\/de\/wp-json\/wp\/v2\/users\/1"}],"replies":[{"embeddable":true,"href":"https:\/\/rovfluen.com\/de\/wp-json\/wp\/v2\/comments?post=1298"}],"version-history":[{"count":11,"href":"https:\/\/rovfluen.com\/de\/wp-json\/wp\/v2\/pages\/1298\/revisions"}],"predecessor-version":[{"id":1529,"href":"https:\/\/rovfluen.com\/de\/wp-json\/wp\/v2\/pages\/1298\/revisions\/1529"}],"wp:attachment":[{"href":"https:\/\/rovfluen.com\/de\/wp-json\/wp\/v2\/media?parent=1298"}],"curies":[{"name":"wp","href":"https:\/\/api.w.org\/{rel}","templated":true}]}}