	 {"id":1827,"date":"2025-05-30T14:10:00","date_gmt":"2025-05-30T12:10:00","guid":{"rendered":"https:\/\/rovfluen.com\/?post_type=product&#038;p=1827"},"modified":"2025-05-30T14:20:36","modified_gmt":"2025-05-30T12:20:36","slug":"pluszap-16-watt","status":"publish","type":"product","link":"https:\/\/rovfluen.com\/de\/produkt\/pluszap-16-watt\/","title":{"rendered":"PlusZap 16 Watt"},"content":{"rendered":"<ul>\n<li>Uden limplader.<\/li>\n<li>R\u00e6kkevide 40 m2.<\/li>\n<li>Til indend\u00f8rs brug.<\/li>\n<li>Monter p\u00e5 v\u00e6g, bord eller i loft.<\/li>\n<li>Bruger 2 x TPX8 UV-r\u00f8r.<\/li>\n<\/ul>","protected":false},"excerpt":{"rendered":"<ul>\n<li>Fungere uden limplader.<\/li>\n<li>R\u00e6kkevide 40 m2.<\/li>\n<li>Til indend\u00f8rs brug.<\/li>\n<li>Monter p\u00e5 v\u00e6g, bord eller i loft.<\/li>\n<li>Bruger 2 x TPX8 UV-r\u00f8r.<\/li>\n<\/ul>","protected":false},"featured_media":1828,"comment_status":"open","ping_status":"closed","template":"","meta":{"site-sidebar-layout":"default","site-content-layout":"","ast-site-content-layout":"default","site-content-style":"default","site-sidebar-style":"default","ast-global-header-display":"","ast-banner-title-visibility":"","ast-main-header-display":"","ast-hfb-above-header-display":"","ast-hfb-below-header-display":"","ast-hfb-mobile-header-display":"","site-post-title":"","ast-breadcrumbs-content":"","ast-featured-img":"","footer-sml-layout":"","ast-disable-related-posts":"","theme-transparent-header-meta":"default","adv-header-id-meta":"","stick-header-meta":"","header-above-stick-meta":"","header-main-stick-meta":"","header-below-stick-meta":"","astra-migrate-meta-layouts":"set","ast-page-background-enabled":"default","ast-page-background-meta":{"desktop":{"background-color":"","background-image":"","background-repeat":"repeat","background-position":"center center","background-size":"auto","background-attachment":"scroll","background-type":"","background-media":"","overlay-type":"","overlay-color":"","overlay-opacity":"","overlay-gradient":""},"tablet":{"background-color":"","background-image":"","background-repeat":"repeat","background-position":"center center","background-size":"auto","background-attachment":"scroll","background-type":"","background-media":"","overlay-type":"","overlay-color":"","overlay-opacity":"","overlay-gradient":""},"mobile":{"background-color":"","background-image":"","background-repeat":"repeat","background-position":"center center","background-size":"auto","background-attachment":"scroll","background-type":"","background-media":"","overlay-type":"","overlay-color":"","overlay-opacity":"","overlay-gradient":""}},"ast-content-background-meta":{"desktop":{"background-color":"var(--ast-global-color-5)","background-image":"","background-repeat":"repeat","background-position":"center center","background-size":"auto","background-attachment":"scroll","background-type":"","background-media":"","overlay-type":"","overlay-color":"","overlay-opacity":"","overlay-gradient":""},"tablet":{"background-color":"var(--ast-global-color-5)","background-image":"","background-repeat":"repeat","background-position":"center center","background-size":"auto","background-attachment":"scroll","background-type":"","background-media":"","overlay-type":"","overlay-color":"","overlay-opacity":"","overlay-gradient":""},"mobile":{"background-color":"var(--ast-global-color-5)","background-image":"","background-repeat":"repeat","background-position":"center center","background-size":"auto","background-attachment":"scroll","background-type":"","background-media":"","overlay-type":"","overlay-color":"","overlay-opacity":"","overlay-gradient":""}},"_links_to":"","_links_to_target":""},"product_brand":[],"product_cat":[34,101,107,46],"product_tag":[96,95,105,106],"class_list":{"0":"post-1827","1":"product","2":"type-product","3":"status-publish","4":"has-post-thumbnail","6":"product_cat-flue","7":"product_cat-insektbekaempelse","8":"product_cat-insektlamper","9":"product_cat-myg","10":"product_tag-bekaempelse","11":"product_tag-biologisk","12":"product_tag-flue","13":"product_tag-insektlampe","14":"desktop-align-left","15":"tablet-align-left","16":"mobile-align-left","18":"first","19":"instock","20":"taxable","21":"shipping-taxable","22":"purchasable","23":"product-type-simple"},"yoast_head":"<!-- This site is optimized with the Yoast SEO plugin v27.4 - https:\/\/yoast.com\/product\/yoast-seo-wordpress\/ -->\n<title>PlusZap 16 Watt - Rovfluen ApS<\/title>\n<meta name=\"robots\" content=\"index, follow, max-snippet:-1, max-image-preview:large, max-video-preview:-1\" \/>\n<link rel=\"canonical\" href=\"https:\/\/rovfluen.com\/de\/produkt\/pluszap-16-watt\/\" \/>\n<meta property=\"og:locale\" content=\"de_DE\" \/>\n<meta property=\"og:type\" content=\"article\" \/>\n<meta property=\"og:title\" content=\"PlusZap 16 Watt - Rovfluen ApS\" \/>\n<meta property=\"og:description\" content=\"Fungere uden limplader.  R\u00e6kkevide 40 m2.  Til indend\u00f8rs brug.  Monter p\u00e5 v\u00e6g, bord eller i loft.  Bruger 2 x TPX8 UV-r\u00f8r.\" \/>\n<meta property=\"og:url\" content=\"https:\/\/rovfluen.com\/de\/produkt\/pluszap-16-watt\/\" \/>\n<meta property=\"og:site_name\" content=\"Rovfluen ApS\" \/>\n<meta property=\"article:modified_time\" content=\"2025-05-30T12:20:36+00:00\" \/>\n<meta property=\"og:image\" content=\"https:\/\/rovfluen.com\/wp-content\/uploads\/2025\/05\/Pluszap-16-watt.png\" \/>\n\t<meta property=\"og:image:width\" content=\"592\" \/>\n\t<meta property=\"og:image:height\" content=\"460\" \/>\n\t<meta property=\"og:image:type\" content=\"image\/png\" \/>\n<meta name=\"twitter:card\" content=\"summary_large_image\" \/>\n<meta name=\"twitter:label1\" content=\"Gesch\u00e4tzte Lesezeit\" \/>\n\t<meta name=\"twitter:data1\" content=\"1\u00a0Minute\" \/>\n<script type=\"application\/ld+json\" class=\"yoast-schema-graph\">{\"@context\":\"https:\\\/\\\/schema.org\",\"@graph\":[{\"@type\":\"WebPage\",\"@id\":\"https:\\\/\\\/rovfluen.com\\\/vare\\\/pluszap-16-watt\\\/\",\"url\":\"https:\\\/\\\/rovfluen.com\\\/vare\\\/pluszap-16-watt\\\/\",\"name\":\"PlusZap 16 Watt - Rovfluen ApS\",\"isPartOf\":{\"@id\":\"https:\\\/\\\/rovfluen.com\\\/#website\"},\"primaryImageOfPage\":{\"@id\":\"https:\\\/\\\/rovfluen.com\\\/vare\\\/pluszap-16-watt\\\/#primaryimage\"},\"image\":{\"@id\":\"https:\\\/\\\/rovfluen.com\\\/vare\\\/pluszap-16-watt\\\/#primaryimage\"},\"thumbnailUrl\":\"https:\\\/\\\/rovfluen.com\\\/wp-content\\\/uploads\\\/2025\\\/05\\\/Pluszap-16-watt.png\",\"datePublished\":\"2025-05-30T12:10:00+00:00\",\"dateModified\":\"2025-05-30T12:20:36+00:00\",\"breadcrumb\":{\"@id\":\"https:\\\/\\\/rovfluen.com\\\/vare\\\/pluszap-16-watt\\\/#breadcrumb\"},\"inLanguage\":\"de\",\"potentialAction\":[{\"@type\":\"ReadAction\",\"target\":[\"https:\\\/\\\/rovfluen.com\\\/vare\\\/pluszap-16-watt\\\/\"]}]},{\"@type\":\"ImageObject\",\"inLanguage\":\"de\",\"@id\":\"https:\\\/\\\/rovfluen.com\\\/vare\\\/pluszap-16-watt\\\/#primaryimage\",\"url\":\"https:\\\/\\\/rovfluen.com\\\/wp-content\\\/uploads\\\/2025\\\/05\\\/Pluszap-16-watt.png\",\"contentUrl\":\"https:\\\/\\\/rovfluen.com\\\/wp-content\\\/uploads\\\/2025\\\/05\\\/Pluszap-16-watt.png\",\"width\":592,\"height\":460},{\"@type\":\"BreadcrumbList\",\"@id\":\"https:\\\/\\\/rovfluen.com\\\/vare\\\/pluszap-16-watt\\\/#breadcrumb\",\"itemListElement\":[{\"@type\":\"ListItem\",\"position\":1,\"name\":\"Home\",\"item\":\"https:\\\/\\\/rovfluen.com\\\/\"},{\"@type\":\"ListItem\",\"position\":2,\"name\":\"Produkter\",\"item\":\"https:\\\/\\\/rovfluen.com\\\/produkter\\\/\"},{\"@type\":\"ListItem\",\"position\":3,\"name\":\"PlusZap 16 Watt\"}]},{\"@type\":\"WebSite\",\"@id\":\"https:\\\/\\\/rovfluen.com\\\/#website\",\"url\":\"https:\\\/\\\/rovfluen.com\\\/\",\"name\":\"Rovfluen ApS\",\"description\":\"\",\"publisher\":{\"@id\":\"https:\\\/\\\/rovfluen.com\\\/#organization\"},\"potentialAction\":[{\"@type\":\"SearchAction\",\"target\":{\"@type\":\"EntryPoint\",\"urlTemplate\":\"https:\\\/\\\/rovfluen.com\\\/?s={search_term_string}\"},\"query-input\":{\"@type\":\"PropertyValueSpecification\",\"valueRequired\":true,\"valueName\":\"search_term_string\"}}],\"inLanguage\":\"de\"},{\"@type\":\"Organization\",\"@id\":\"https:\\\/\\\/rovfluen.com\\\/#organization\",\"name\":\"Rovfluen ApS\",\"url\":\"https:\\\/\\\/rovfluen.com\\\/\",\"logo\":{\"@type\":\"ImageObject\",\"inLanguage\":\"de\",\"@id\":\"https:\\\/\\\/rovfluen.com\\\/#\\\/schema\\\/logo\\\/image\\\/\",\"url\":\"https:\\\/\\\/rovfluen.com\\\/wp-content\\\/uploads\\\/2020\\\/01\\\/logo-png.png\",\"contentUrl\":\"https:\\\/\\\/rovfluen.com\\\/wp-content\\\/uploads\\\/2020\\\/01\\\/logo-png.png\",\"width\":1290,\"height\":224,\"caption\":\"Rovfluen ApS\"},\"image\":{\"@id\":\"https:\\\/\\\/rovfluen.com\\\/#\\\/schema\\\/logo\\\/image\\\/\"}}]}<\/script>\n<!-- \/ Yoast SEO plugin. -->","yoast_head_json":{"title":"PlusZap 16 Watt - Rovfluen ApS","robots":{"index":"index","follow":"follow","max-snippet":"max-snippet:-1","max-image-preview":"max-image-preview:large","max-video-preview":"max-video-preview:-1"},"canonical":"https:\/\/rovfluen.com\/de\/produkt\/pluszap-16-watt\/","og_locale":"de_DE","og_type":"article","og_title":"PlusZap 16 Watt - Rovfluen ApS","og_description":"Fungere uden limplader.  R\u00e6kkevide 40 m2.  Til indend\u00f8rs brug.  Monter p\u00e5 v\u00e6g, bord eller i loft.  Bruger 2 x TPX8 UV-r\u00f8r.","og_url":"https:\/\/rovfluen.com\/de\/produkt\/pluszap-16-watt\/","og_site_name":"Rovfluen ApS","article_modified_time":"2025-05-30T12:20:36+00:00","og_image":[{"width":592,"height":460,"url":"https:\/\/rovfluen.com\/wp-content\/uploads\/2025\/05\/Pluszap-16-watt.png","type":"image\/png"}],"twitter_card":"summary_large_image","twitter_misc":{"Gesch\u00e4tzte Lesezeit":"1\u00a0Minute"},"schema":{"@context":"https:\/\/schema.org","@graph":[{"@type":"WebPage","@id":"https:\/\/rovfluen.com\/vare\/pluszap-16-watt\/","url":"https:\/\/rovfluen.com\/vare\/pluszap-16-watt\/","name":"PlusZap 16 Watt - Rovfluen ApS","isPartOf":{"@id":"https:\/\/rovfluen.com\/#website"},"primaryImageOfPage":{"@id":"https:\/\/rovfluen.com\/vare\/pluszap-16-watt\/#primaryimage"},"image":{"@id":"https:\/\/rovfluen.com\/vare\/pluszap-16-watt\/#primaryimage"},"thumbnailUrl":"https:\/\/rovfluen.com\/wp-content\/uploads\/2025\/05\/Pluszap-16-watt.png","datePublished":"2025-05-30T12:10:00+00:00","dateModified":"2025-05-30T12:20:36+00:00","breadcrumb":{"@id":"https:\/\/rovfluen.com\/vare\/pluszap-16-watt\/#breadcrumb"},"inLanguage":"de","potentialAction":[{"@type":"ReadAction","target":["https:\/\/rovfluen.com\/vare\/pluszap-16-watt\/"]}]},{"@type":"ImageObject","inLanguage":"de","@id":"https:\/\/rovfluen.com\/vare\/pluszap-16-watt\/#primaryimage","url":"https:\/\/rovfluen.com\/wp-content\/uploads\/2025\/05\/Pluszap-16-watt.png","contentUrl":"https:\/\/rovfluen.com\/wp-content\/uploads\/2025\/05\/Pluszap-16-watt.png","width":592,"height":460},{"@type":"BreadcrumbList","@id":"https:\/\/rovfluen.com\/vare\/pluszap-16-watt\/#breadcrumb","itemListElement":[{"@type":"ListItem","position":1,"name":"Home","item":"https:\/\/rovfluen.com\/"},{"@type":"ListItem","position":2,"name":"Produkter","item":"https:\/\/rovfluen.com\/produkter\/"},{"@type":"ListItem","position":3,"name":"PlusZap 16 Watt"}]},{"@type":"WebSite","@id":"https:\/\/rovfluen.com\/#website","url":"https:\/\/rovfluen.com\/","name":"Rovfluen ApS","description":"","publisher":{"@id":"https:\/\/rovfluen.com\/#organization"},"potentialAction":[{"@type":"SearchAction","target":{"@type":"EntryPoint","urlTemplate":"https:\/\/rovfluen.com\/?s={search_term_string}"},"query-input":{"@type":"PropertyValueSpecification","valueRequired":true,"valueName":"search_term_string"}}],"inLanguage":"de"},{"@type":"Organization","@id":"https:\/\/rovfluen.com\/#organization","name":"Rovfluen ApS","url":"https:\/\/rovfluen.com\/","logo":{"@type":"ImageObject","inLanguage":"de","@id":"https:\/\/rovfluen.com\/#\/schema\/logo\/image\/","url":"https:\/\/rovfluen.com\/wp-content\/uploads\/2020\/01\/logo-png.png","contentUrl":"https:\/\/rovfluen.com\/wp-content\/uploads\/2020\/01\/logo-png.png","width":1290,"height":224,"caption":"Rovfluen ApS"},"image":{"@id":"https:\/\/rovfluen.com\/#\/schema\/logo\/image\/"}}]}},"_links":{"self":[{"href":"https:\/\/rovfluen.com\/de\/wp-json\/wp\/v2\/product\/1827","targetHints":{"allow":["GET"]}}],"collection":[{"href":"https:\/\/rovfluen.com\/de\/wp-json\/wp\/v2\/product"}],"about":[{"href":"https:\/\/rovfluen.com\/de\/wp-json\/wp\/v2\/types\/product"}],"replies":[{"embeddable":true,"href":"https:\/\/rovfluen.com\/de\/wp-json\/wp\/v2\/comments?post=1827"}],"wp:featuredmedia":[{"embeddable":true,"href":"https:\/\/rovfluen.com\/de\/wp-json\/wp\/v2\/media\/1828"}],"wp:attachment":[{"href":"https:\/\/rovfluen.com\/de\/wp-json\/wp\/v2\/media?parent=1827"}],"wp:term":[{"taxonomy":"product_brand","embeddable":true,"href":"https:\/\/rovfluen.com\/de\/wp-json\/wp\/v2\/product_brand?post=1827"},{"taxonomy":"product_cat","embeddable":true,"href":"https:\/\/rovfluen.com\/de\/wp-json\/wp\/v2\/product_cat?post=1827"},{"taxonomy":"product_tag","embeddable":true,"href":"https:\/\/rovfluen.com\/de\/wp-json\/wp\/v2\/product_tag?post=1827"}],"curies":[{"name":"wp","href":"https:\/\/api.w.org\/{rel}","templated":true}]}}