	 {"id":1866,"date":"2025-06-02T09:25:58","date_gmt":"2025-06-02T07:25:58","guid":{"rendered":"https:\/\/rovfluen.com\/?post_type=product&#038;p=1866"},"modified":"2025-06-02T09:29:15","modified_gmt":"2025-06-02T07:29:15","slug":"silvalure-fluegardin","status":"publish","type":"product","link":"https:\/\/rovfluen.com\/de\/produkt\/silvalure-fluegardin\/","title":{"rendered":"Silvalure fluegardin"},"content":{"rendered":"<ul>\n<li>Biologisk bek\u00e6mpelse = giftfri.<\/li>\n<li>9 m. rulle fluegardin med lim.<\/li>\n<li>Virker tiltr\u00e6kkende p\u00e5 fluer.<\/li>\n<li>Langtidsvirkende.<\/li>\n<\/ul>","protected":false},"excerpt":{"rendered":"<ul>\n<li>Biologisk bek\u00e6mpelse = giftfri.<\/li>\n<li>9 m. rulle fluegardin med lim.<\/li>\n<li>Virker tiltr\u00e6kkende p\u00e5 fluer.<\/li>\n<li>Langtidsvirkende.<\/li>\n<\/ul>","protected":false},"featured_media":1867,"comment_status":"open","ping_status":"closed","template":"","meta":{"site-sidebar-layout":"default","site-content-layout":"","ast-site-content-layout":"default","site-content-style":"default","site-sidebar-style":"default","ast-global-header-display":"","ast-banner-title-visibility":"","ast-main-header-display":"","ast-hfb-above-header-display":"","ast-hfb-below-header-display":"","ast-hfb-mobile-header-display":"","site-post-title":"","ast-breadcrumbs-content":"","ast-featured-img":"","footer-sml-layout":"","ast-disable-related-posts":"","theme-transparent-header-meta":"default","adv-header-id-meta":"","stick-header-meta":"","header-above-stick-meta":"","header-main-stick-meta":"","header-below-stick-meta":"","astra-migrate-meta-layouts":"set","ast-page-background-enabled":"default","ast-page-background-meta":{"desktop":{"background-color":"","background-image":"","background-repeat":"repeat","background-position":"center center","background-size":"auto","background-attachment":"scroll","background-type":"","background-media":"","overlay-type":"","overlay-color":"","overlay-opacity":"","overlay-gradient":""},"tablet":{"background-color":"","background-image":"","background-repeat":"repeat","background-position":"center center","background-size":"auto","background-attachment":"scroll","background-type":"","background-media":"","overlay-type":"","overlay-color":"","overlay-opacity":"","overlay-gradient":""},"mobile":{"background-color":"","background-image":"","background-repeat":"repeat","background-position":"center center","background-size":"auto","background-attachment":"scroll","background-type":"","background-media":"","overlay-type":"","overlay-color":"","overlay-opacity":"","overlay-gradient":""}},"ast-content-background-meta":{"desktop":{"background-color":"var(--ast-global-color-5)","background-image":"","background-repeat":"repeat","background-position":"center center","background-size":"auto","background-attachment":"scroll","background-type":"","background-media":"","overlay-type":"","overlay-color":"","overlay-opacity":"","overlay-gradient":""},"tablet":{"background-color":"var(--ast-global-color-5)","background-image":"","background-repeat":"repeat","background-position":"center center","background-size":"auto","background-attachment":"scroll","background-type":"","background-media":"","overlay-type":"","overlay-color":"","overlay-opacity":"","overlay-gradient":""},"mobile":{"background-color":"var(--ast-global-color-5)","background-image":"","background-repeat":"repeat","background-position":"center center","background-size":"auto","background-attachment":"scroll","background-type":"","background-media":"","overlay-type":"","overlay-color":"","overlay-opacity":"","overlay-gradient":""}},"_links_to":"","_links_to_target":""},"product_brand":[],"product_cat":[30,34,101],"product_tag":[96,95,105,106],"class_list":{"0":"post-1866","1":"product","2":"type-product","3":"status-publish","4":"has-post-thumbnail","6":"product_cat-biologisk-insektbekaempelse","7":"product_cat-flue","8":"product_cat-insektbekaempelse","9":"product_tag-bekaempelse","10":"product_tag-biologisk","11":"product_tag-flue","12":"product_tag-insektlampe","13":"desktop-align-left","14":"tablet-align-left","15":"mobile-align-left","17":"first","18":"instock","19":"taxable","20":"shipping-taxable","21":"purchasable","22":"product-type-simple"},"yoast_head":"<!-- This site is optimized with the Yoast SEO plugin v27.4 - https:\/\/yoast.com\/product\/yoast-seo-wordpress\/ -->\n<title>Silvalure fluegardin - Rovfluen ApS<\/title>\n<meta name=\"robots\" content=\"index, follow, max-snippet:-1, max-image-preview:large, max-video-preview:-1\" \/>\n<link rel=\"canonical\" href=\"https:\/\/rovfluen.com\/de\/produkt\/silvalure-fluegardin\/\" \/>\n<meta property=\"og:locale\" content=\"de_DE\" \/>\n<meta property=\"og:type\" content=\"article\" \/>\n<meta property=\"og:title\" content=\"Silvalure fluegardin - Rovfluen ApS\" \/>\n<meta property=\"og:description\" content=\"Biologisk bek\u00e6mpelse = giftfri.  9 m. rulle fluegardin med lim.  Virker tiltr\u00e6kkende p\u00e5 fluer.  Langtidsvirkende.\" \/>\n<meta property=\"og:url\" content=\"https:\/\/rovfluen.com\/de\/produkt\/silvalure-fluegardin\/\" \/>\n<meta property=\"og:site_name\" content=\"Rovfluen ApS\" \/>\n<meta property=\"article:modified_time\" content=\"2025-06-02T07:29:15+00:00\" \/>\n<meta property=\"og:image\" content=\"https:\/\/rovfluen.com\/wp-content\/uploads\/2025\/06\/Silvalure-fluegardin-net.jpg\" \/>\n\t<meta property=\"og:image:width\" content=\"450\" \/>\n\t<meta property=\"og:image:height\" content=\"450\" \/>\n\t<meta property=\"og:image:type\" content=\"image\/jpeg\" \/>\n<meta name=\"twitter:card\" content=\"summary_large_image\" \/>\n<meta name=\"twitter:label1\" content=\"Gesch\u00e4tzte Lesezeit\" \/>\n\t<meta name=\"twitter:data1\" content=\"1\u00a0Minute\" \/>\n<script type=\"application\/ld+json\" class=\"yoast-schema-graph\">{\"@context\":\"https:\\\/\\\/schema.org\",\"@graph\":[{\"@type\":\"WebPage\",\"@id\":\"https:\\\/\\\/rovfluen.com\\\/vare\\\/silvalure-fluegardin\\\/\",\"url\":\"https:\\\/\\\/rovfluen.com\\\/vare\\\/silvalure-fluegardin\\\/\",\"name\":\"Silvalure fluegardin - Rovfluen ApS\",\"isPartOf\":{\"@id\":\"https:\\\/\\\/rovfluen.com\\\/#website\"},\"primaryImageOfPage\":{\"@id\":\"https:\\\/\\\/rovfluen.com\\\/vare\\\/silvalure-fluegardin\\\/#primaryimage\"},\"image\":{\"@id\":\"https:\\\/\\\/rovfluen.com\\\/vare\\\/silvalure-fluegardin\\\/#primaryimage\"},\"thumbnailUrl\":\"https:\\\/\\\/rovfluen.com\\\/wp-content\\\/uploads\\\/2025\\\/06\\\/Silvalure-fluegardin-net.jpg\",\"datePublished\":\"2025-06-02T07:25:58+00:00\",\"dateModified\":\"2025-06-02T07:29:15+00:00\",\"breadcrumb\":{\"@id\":\"https:\\\/\\\/rovfluen.com\\\/vare\\\/silvalure-fluegardin\\\/#breadcrumb\"},\"inLanguage\":\"de\",\"potentialAction\":[{\"@type\":\"ReadAction\",\"target\":[\"https:\\\/\\\/rovfluen.com\\\/vare\\\/silvalure-fluegardin\\\/\"]}]},{\"@type\":\"ImageObject\",\"inLanguage\":\"de\",\"@id\":\"https:\\\/\\\/rovfluen.com\\\/vare\\\/silvalure-fluegardin\\\/#primaryimage\",\"url\":\"https:\\\/\\\/rovfluen.com\\\/wp-content\\\/uploads\\\/2025\\\/06\\\/Silvalure-fluegardin-net.jpg\",\"contentUrl\":\"https:\\\/\\\/rovfluen.com\\\/wp-content\\\/uploads\\\/2025\\\/06\\\/Silvalure-fluegardin-net.jpg\",\"width\":450,\"height\":450},{\"@type\":\"BreadcrumbList\",\"@id\":\"https:\\\/\\\/rovfluen.com\\\/vare\\\/silvalure-fluegardin\\\/#breadcrumb\",\"itemListElement\":[{\"@type\":\"ListItem\",\"position\":1,\"name\":\"Home\",\"item\":\"https:\\\/\\\/rovfluen.com\\\/\"},{\"@type\":\"ListItem\",\"position\":2,\"name\":\"Produkter\",\"item\":\"https:\\\/\\\/rovfluen.com\\\/produkter\\\/\"},{\"@type\":\"ListItem\",\"position\":3,\"name\":\"Silvalure fluegardin\"}]},{\"@type\":\"WebSite\",\"@id\":\"https:\\\/\\\/rovfluen.com\\\/#website\",\"url\":\"https:\\\/\\\/rovfluen.com\\\/\",\"name\":\"Rovfluen ApS\",\"description\":\"\",\"publisher\":{\"@id\":\"https:\\\/\\\/rovfluen.com\\\/#organization\"},\"potentialAction\":[{\"@type\":\"SearchAction\",\"target\":{\"@type\":\"EntryPoint\",\"urlTemplate\":\"https:\\\/\\\/rovfluen.com\\\/?s={search_term_string}\"},\"query-input\":{\"@type\":\"PropertyValueSpecification\",\"valueRequired\":true,\"valueName\":\"search_term_string\"}}],\"inLanguage\":\"de\"},{\"@type\":\"Organization\",\"@id\":\"https:\\\/\\\/rovfluen.com\\\/#organization\",\"name\":\"Rovfluen ApS\",\"url\":\"https:\\\/\\\/rovfluen.com\\\/\",\"logo\":{\"@type\":\"ImageObject\",\"inLanguage\":\"de\",\"@id\":\"https:\\\/\\\/rovfluen.com\\\/#\\\/schema\\\/logo\\\/image\\\/\",\"url\":\"https:\\\/\\\/rovfluen.com\\\/wp-content\\\/uploads\\\/2020\\\/01\\\/logo-png.png\",\"contentUrl\":\"https:\\\/\\\/rovfluen.com\\\/wp-content\\\/uploads\\\/2020\\\/01\\\/logo-png.png\",\"width\":1290,\"height\":224,\"caption\":\"Rovfluen ApS\"},\"image\":{\"@id\":\"https:\\\/\\\/rovfluen.com\\\/#\\\/schema\\\/logo\\\/image\\\/\"}}]}<\/script>\n<!-- \/ Yoast SEO plugin. -->","yoast_head_json":{"title":"Silvalure fluegardin - Rovfluen ApS","robots":{"index":"index","follow":"follow","max-snippet":"max-snippet:-1","max-image-preview":"max-image-preview:large","max-video-preview":"max-video-preview:-1"},"canonical":"https:\/\/rovfluen.com\/de\/produkt\/silvalure-fluegardin\/","og_locale":"de_DE","og_type":"article","og_title":"Silvalure fluegardin - Rovfluen ApS","og_description":"Biologisk bek\u00e6mpelse = giftfri.  9 m. rulle fluegardin med lim.  Virker tiltr\u00e6kkende p\u00e5 fluer.  Langtidsvirkende.","og_url":"https:\/\/rovfluen.com\/de\/produkt\/silvalure-fluegardin\/","og_site_name":"Rovfluen ApS","article_modified_time":"2025-06-02T07:29:15+00:00","og_image":[{"width":450,"height":450,"url":"https:\/\/rovfluen.com\/wp-content\/uploads\/2025\/06\/Silvalure-fluegardin-net.jpg","type":"image\/jpeg"}],"twitter_card":"summary_large_image","twitter_misc":{"Gesch\u00e4tzte Lesezeit":"1\u00a0Minute"},"schema":{"@context":"https:\/\/schema.org","@graph":[{"@type":"WebPage","@id":"https:\/\/rovfluen.com\/vare\/silvalure-fluegardin\/","url":"https:\/\/rovfluen.com\/vare\/silvalure-fluegardin\/","name":"Silvalure fluegardin - Rovfluen ApS","isPartOf":{"@id":"https:\/\/rovfluen.com\/#website"},"primaryImageOfPage":{"@id":"https:\/\/rovfluen.com\/vare\/silvalure-fluegardin\/#primaryimage"},"image":{"@id":"https:\/\/rovfluen.com\/vare\/silvalure-fluegardin\/#primaryimage"},"thumbnailUrl":"https:\/\/rovfluen.com\/wp-content\/uploads\/2025\/06\/Silvalure-fluegardin-net.jpg","datePublished":"2025-06-02T07:25:58+00:00","dateModified":"2025-06-02T07:29:15+00:00","breadcrumb":{"@id":"https:\/\/rovfluen.com\/vare\/silvalure-fluegardin\/#breadcrumb"},"inLanguage":"de","potentialAction":[{"@type":"ReadAction","target":["https:\/\/rovfluen.com\/vare\/silvalure-fluegardin\/"]}]},{"@type":"ImageObject","inLanguage":"de","@id":"https:\/\/rovfluen.com\/vare\/silvalure-fluegardin\/#primaryimage","url":"https:\/\/rovfluen.com\/wp-content\/uploads\/2025\/06\/Silvalure-fluegardin-net.jpg","contentUrl":"https:\/\/rovfluen.com\/wp-content\/uploads\/2025\/06\/Silvalure-fluegardin-net.jpg","width":450,"height":450},{"@type":"BreadcrumbList","@id":"https:\/\/rovfluen.com\/vare\/silvalure-fluegardin\/#breadcrumb","itemListElement":[{"@type":"ListItem","position":1,"name":"Home","item":"https:\/\/rovfluen.com\/"},{"@type":"ListItem","position":2,"name":"Produkter","item":"https:\/\/rovfluen.com\/produkter\/"},{"@type":"ListItem","position":3,"name":"Silvalure fluegardin"}]},{"@type":"WebSite","@id":"https:\/\/rovfluen.com\/#website","url":"https:\/\/rovfluen.com\/","name":"Rovfluen ApS","description":"","publisher":{"@id":"https:\/\/rovfluen.com\/#organization"},"potentialAction":[{"@type":"SearchAction","target":{"@type":"EntryPoint","urlTemplate":"https:\/\/rovfluen.com\/?s={search_term_string}"},"query-input":{"@type":"PropertyValueSpecification","valueRequired":true,"valueName":"search_term_string"}}],"inLanguage":"de"},{"@type":"Organization","@id":"https:\/\/rovfluen.com\/#organization","name":"Rovfluen ApS","url":"https:\/\/rovfluen.com\/","logo":{"@type":"ImageObject","inLanguage":"de","@id":"https:\/\/rovfluen.com\/#\/schema\/logo\/image\/","url":"https:\/\/rovfluen.com\/wp-content\/uploads\/2020\/01\/logo-png.png","contentUrl":"https:\/\/rovfluen.com\/wp-content\/uploads\/2020\/01\/logo-png.png","width":1290,"height":224,"caption":"Rovfluen ApS"},"image":{"@id":"https:\/\/rovfluen.com\/#\/schema\/logo\/image\/"}}]}},"_links":{"self":[{"href":"https:\/\/rovfluen.com\/de\/wp-json\/wp\/v2\/product\/1866","targetHints":{"allow":["GET"]}}],"collection":[{"href":"https:\/\/rovfluen.com\/de\/wp-json\/wp\/v2\/product"}],"about":[{"href":"https:\/\/rovfluen.com\/de\/wp-json\/wp\/v2\/types\/product"}],"replies":[{"embeddable":true,"href":"https:\/\/rovfluen.com\/de\/wp-json\/wp\/v2\/comments?post=1866"}],"wp:featuredmedia":[{"embeddable":true,"href":"https:\/\/rovfluen.com\/de\/wp-json\/wp\/v2\/media\/1867"}],"wp:attachment":[{"href":"https:\/\/rovfluen.com\/de\/wp-json\/wp\/v2\/media?parent=1866"}],"wp:term":[{"taxonomy":"product_brand","embeddable":true,"href":"https:\/\/rovfluen.com\/de\/wp-json\/wp\/v2\/product_brand?post=1866"},{"taxonomy":"product_cat","embeddable":true,"href":"https:\/\/rovfluen.com\/de\/wp-json\/wp\/v2\/product_cat?post=1866"},{"taxonomy":"product_tag","embeddable":true,"href":"https:\/\/rovfluen.com\/de\/wp-json\/wp\/v2\/product_tag?post=1866"}],"curies":[{"name":"wp","href":"https:\/\/api.w.org\/{rel}","templated":true}]}}