	 {"id":824,"date":"2020-02-12T10:35:13","date_gmt":"2020-02-12T09:35:13","guid":{"rendered":"https:\/\/a28.outsource.dk\/?post_type=product&#038;p=824"},"modified":"2025-06-06T08:30:37","modified_gmt":"2025-06-06T06:30:37","slug":"haandsproejte-15-liter-eller-lign","status":"publish","type":"product","link":"https:\/\/rovfluen.com\/de\/produkt\/haandsproejte-15-liter-eller-lign\/","title":{"rendered":"H\u00e5ndspr\u00f8jte 1,5 liter eller lign."},"content":{"rendered":"<ul>\n<li>Effektiv til udspr\u00f8jtning af fx. Perma Forte og RTU.<\/li>\n<li>Anvendes til udspr\u00f8jtning af kemi p\u00e5 rene overflader i stalde eller udend\u00f8rs.<\/li>\n<li>Giver st\u00f8rre r\u00e6kkeevne og forst\u00f8vning.<\/li>\n<li>1,5 liter.<\/li>\n<\/ul>","protected":false},"excerpt":{"rendered":"<ul>\n<li>Effektiv til udspr\u00f8jtning af fx. Perma Forte og RTU.<\/li>\n<li>Anvendes til udspr\u00f8jtning af kemi p\u00e5 rene overflader i stalde eller udend\u00f8rs.<\/li>\n<li>Giver st\u00f8rre r\u00e6kkeevne og forst\u00f8vning.<\/li>\n<li>1,5 liter.<\/li>\n<\/ul>","protected":false},"featured_media":825,"comment_status":"open","ping_status":"closed","template":"","meta":{"site-sidebar-layout":"default","site-content-layout":"default","ast-site-content-layout":"default","site-content-style":"default","site-sidebar-style":"default","ast-global-header-display":"","ast-banner-title-visibility":"","ast-main-header-display":"","ast-hfb-above-header-display":"","ast-hfb-below-header-display":"","ast-hfb-mobile-header-display":"","site-post-title":"","ast-breadcrumbs-content":"","ast-featured-img":"","footer-sml-layout":"","ast-disable-related-posts":"","theme-transparent-header-meta":"default","adv-header-id-meta":"","stick-header-meta":"","header-above-stick-meta":"","header-main-stick-meta":"","header-below-stick-meta":"","astra-migrate-meta-layouts":"set","ast-page-background-enabled":"default","ast-page-background-meta":{"desktop":{"background-color":"","background-image":"","background-repeat":"repeat","background-position":"center center","background-size":"auto","background-attachment":"scroll","background-type":"","background-media":"","overlay-type":"","overlay-color":"","overlay-opacity":"","overlay-gradient":""},"tablet":{"background-color":"","background-image":"","background-repeat":"repeat","background-position":"center center","background-size":"auto","background-attachment":"scroll","background-type":"","background-media":"","overlay-type":"","overlay-color":"","overlay-opacity":"","overlay-gradient":""},"mobile":{"background-color":"","background-image":"","background-repeat":"repeat","background-position":"center center","background-size":"auto","background-attachment":"scroll","background-type":"","background-media":"","overlay-type":"","overlay-color":"","overlay-opacity":"","overlay-gradient":""}},"ast-content-background-meta":{"desktop":{"background-color":"var(--ast-global-color-5)","background-image":"","background-repeat":"repeat","background-position":"center center","background-size":"auto","background-attachment":"scroll","background-type":"","background-media":"","overlay-type":"","overlay-color":"","overlay-opacity":"","overlay-gradient":""},"tablet":{"background-color":"var(--ast-global-color-5)","background-image":"","background-repeat":"repeat","background-position":"center center","background-size":"auto","background-attachment":"scroll","background-type":"","background-media":"","overlay-type":"","overlay-color":"","overlay-opacity":"","overlay-gradient":""},"mobile":{"background-color":"var(--ast-global-color-5)","background-image":"","background-repeat":"repeat","background-position":"center center","background-size":"auto","background-attachment":"scroll","background-type":"","background-media":"","overlay-type":"","overlay-color":"","overlay-opacity":"","overlay-gradient":""}},"_links_to":"","_links_to_target":""},"product_brand":[],"product_cat":[101,102,111,112],"product_tag":[],"class_list":{"0":"post-824","1":"product","2":"type-product","3":"status-publish","4":"has-post-thumbnail","6":"product_cat-insektbekaempelse","7":"product_cat-krypbekaempelse","8":"product_cat-tilbehoer-til-insektbekaempelse","9":"product_cat-tilbehoer-til-krybbekaempelse","10":"desktop-align-left","11":"tablet-align-left","12":"mobile-align-left","14":"first","15":"instock","16":"taxable","17":"shipping-taxable","18":"purchasable","19":"product-type-simple"},"yoast_head":"<!-- This site is optimized with the Yoast SEO plugin v27.4 - https:\/\/yoast.com\/product\/yoast-seo-wordpress\/ -->\n<title>H\u00e5ndspr\u00f8jte 1,5 liter eller lign. - Rovfluen ApS<\/title>\n<meta name=\"robots\" content=\"index, follow, max-snippet:-1, max-image-preview:large, max-video-preview:-1\" \/>\n<link rel=\"canonical\" href=\"https:\/\/rovfluen.com\/de\/produkt\/haandsproejte-15-liter-eller-lign\/\" \/>\n<meta property=\"og:locale\" content=\"de_DE\" \/>\n<meta property=\"og:type\" content=\"article\" \/>\n<meta property=\"og:title\" content=\"H\u00e5ndspr\u00f8jte 1,5 liter eller lign. - Rovfluen ApS\" \/>\n<meta property=\"og:description\" content=\"Effektiv til udspr\u00f8jtning af fx. Perma Forte og RTU.  Anvendes til udspr\u00f8jtning af kemi p\u00e5 rene overflader i stalde eller udend\u00f8rs.  Giver st\u00f8rre r\u00e6kkeevne og forst\u00f8vning.  1,5 liter.\" \/>\n<meta property=\"og:url\" content=\"https:\/\/rovfluen.com\/de\/produkt\/haandsproejte-15-liter-eller-lign\/\" \/>\n<meta property=\"og:site_name\" content=\"Rovfluen ApS\" \/>\n<meta property=\"article:modified_time\" content=\"2025-06-06T06:30:37+00:00\" \/>\n<meta property=\"og:image\" content=\"https:\/\/rovfluen.com\/wp-content\/uploads\/2020\/02\/cooper-pegler-handsprojte-15-liter.jpg\" \/>\n\t<meta property=\"og:image:width\" content=\"458\" \/>\n\t<meta property=\"og:image:height\" content=\"458\" \/>\n\t<meta property=\"og:image:type\" content=\"image\/jpeg\" \/>\n<meta name=\"twitter:card\" content=\"summary_large_image\" \/>\n<meta name=\"twitter:label1\" content=\"Gesch\u00e4tzte Lesezeit\" \/>\n\t<meta name=\"twitter:data1\" content=\"1\u00a0Minute\" \/>\n<script type=\"application\/ld+json\" class=\"yoast-schema-graph\">{\"@context\":\"https:\\\/\\\/schema.org\",\"@graph\":[{\"@type\":\"WebPage\",\"@id\":\"https:\\\/\\\/rovfluen.com\\\/vare\\\/haandsproejte-15-liter-eller-lign\\\/\",\"url\":\"https:\\\/\\\/rovfluen.com\\\/vare\\\/haandsproejte-15-liter-eller-lign\\\/\",\"name\":\"H\u00e5ndspr\u00f8jte 1,5 liter eller lign. - Rovfluen ApS\",\"isPartOf\":{\"@id\":\"https:\\\/\\\/rovfluen.com\\\/#website\"},\"primaryImageOfPage\":{\"@id\":\"https:\\\/\\\/rovfluen.com\\\/vare\\\/haandsproejte-15-liter-eller-lign\\\/#primaryimage\"},\"image\":{\"@id\":\"https:\\\/\\\/rovfluen.com\\\/vare\\\/haandsproejte-15-liter-eller-lign\\\/#primaryimage\"},\"thumbnailUrl\":\"https:\\\/\\\/rovfluen.com\\\/wp-content\\\/uploads\\\/2020\\\/02\\\/cooper-pegler-handsprojte-15-liter.jpg\",\"datePublished\":\"2020-02-12T09:35:13+00:00\",\"dateModified\":\"2025-06-06T06:30:37+00:00\",\"breadcrumb\":{\"@id\":\"https:\\\/\\\/rovfluen.com\\\/vare\\\/haandsproejte-15-liter-eller-lign\\\/#breadcrumb\"},\"inLanguage\":\"de\",\"potentialAction\":[{\"@type\":\"ReadAction\",\"target\":[\"https:\\\/\\\/rovfluen.com\\\/vare\\\/haandsproejte-15-liter-eller-lign\\\/\"]}]},{\"@type\":\"ImageObject\",\"inLanguage\":\"de\",\"@id\":\"https:\\\/\\\/rovfluen.com\\\/vare\\\/haandsproejte-15-liter-eller-lign\\\/#primaryimage\",\"url\":\"https:\\\/\\\/rovfluen.com\\\/wp-content\\\/uploads\\\/2020\\\/02\\\/cooper-pegler-handsprojte-15-liter.jpg\",\"contentUrl\":\"https:\\\/\\\/rovfluen.com\\\/wp-content\\\/uploads\\\/2020\\\/02\\\/cooper-pegler-handsprojte-15-liter.jpg\",\"width\":458,\"height\":458},{\"@type\":\"BreadcrumbList\",\"@id\":\"https:\\\/\\\/rovfluen.com\\\/vare\\\/haandsproejte-15-liter-eller-lign\\\/#breadcrumb\",\"itemListElement\":[{\"@type\":\"ListItem\",\"position\":1,\"name\":\"Home\",\"item\":\"https:\\\/\\\/rovfluen.com\\\/\"},{\"@type\":\"ListItem\",\"position\":2,\"name\":\"Produkter\",\"item\":\"https:\\\/\\\/rovfluen.com\\\/produkter\\\/\"},{\"@type\":\"ListItem\",\"position\":3,\"name\":\"H\u00e5ndspr\u00f8jte 1,5 liter eller lign.\"}]},{\"@type\":\"WebSite\",\"@id\":\"https:\\\/\\\/rovfluen.com\\\/#website\",\"url\":\"https:\\\/\\\/rovfluen.com\\\/\",\"name\":\"Rovfluen ApS\",\"description\":\"\",\"publisher\":{\"@id\":\"https:\\\/\\\/rovfluen.com\\\/#organization\"},\"potentialAction\":[{\"@type\":\"SearchAction\",\"target\":{\"@type\":\"EntryPoint\",\"urlTemplate\":\"https:\\\/\\\/rovfluen.com\\\/?s={search_term_string}\"},\"query-input\":{\"@type\":\"PropertyValueSpecification\",\"valueRequired\":true,\"valueName\":\"search_term_string\"}}],\"inLanguage\":\"de\"},{\"@type\":\"Organization\",\"@id\":\"https:\\\/\\\/rovfluen.com\\\/#organization\",\"name\":\"Rovfluen ApS\",\"url\":\"https:\\\/\\\/rovfluen.com\\\/\",\"logo\":{\"@type\":\"ImageObject\",\"inLanguage\":\"de\",\"@id\":\"https:\\\/\\\/rovfluen.com\\\/#\\\/schema\\\/logo\\\/image\\\/\",\"url\":\"https:\\\/\\\/rovfluen.com\\\/wp-content\\\/uploads\\\/2020\\\/01\\\/logo-png.png\",\"contentUrl\":\"https:\\\/\\\/rovfluen.com\\\/wp-content\\\/uploads\\\/2020\\\/01\\\/logo-png.png\",\"width\":1290,\"height\":224,\"caption\":\"Rovfluen ApS\"},\"image\":{\"@id\":\"https:\\\/\\\/rovfluen.com\\\/#\\\/schema\\\/logo\\\/image\\\/\"}}]}<\/script>\n<!-- \/ Yoast SEO plugin. -->","yoast_head_json":{"title":"H\u00e5ndspr\u00f8jte 1,5 liter eller lign. - Rovfluen ApS","robots":{"index":"index","follow":"follow","max-snippet":"max-snippet:-1","max-image-preview":"max-image-preview:large","max-video-preview":"max-video-preview:-1"},"canonical":"https:\/\/rovfluen.com\/de\/produkt\/haandsproejte-15-liter-eller-lign\/","og_locale":"de_DE","og_type":"article","og_title":"H\u00e5ndspr\u00f8jte 1,5 liter eller lign. - Rovfluen ApS","og_description":"Effektiv til udspr\u00f8jtning af fx. Perma Forte og RTU.  Anvendes til udspr\u00f8jtning af kemi p\u00e5 rene overflader i stalde eller udend\u00f8rs.  Giver st\u00f8rre r\u00e6kkeevne og forst\u00f8vning.  1,5 liter.","og_url":"https:\/\/rovfluen.com\/de\/produkt\/haandsproejte-15-liter-eller-lign\/","og_site_name":"Rovfluen ApS","article_modified_time":"2025-06-06T06:30:37+00:00","og_image":[{"width":458,"height":458,"url":"https:\/\/rovfluen.com\/wp-content\/uploads\/2020\/02\/cooper-pegler-handsprojte-15-liter.jpg","type":"image\/jpeg"}],"twitter_card":"summary_large_image","twitter_misc":{"Gesch\u00e4tzte Lesezeit":"1\u00a0Minute"},"schema":{"@context":"https:\/\/schema.org","@graph":[{"@type":"WebPage","@id":"https:\/\/rovfluen.com\/vare\/haandsproejte-15-liter-eller-lign\/","url":"https:\/\/rovfluen.com\/vare\/haandsproejte-15-liter-eller-lign\/","name":"H\u00e5ndspr\u00f8jte 1,5 liter eller lign. - Rovfluen ApS","isPartOf":{"@id":"https:\/\/rovfluen.com\/#website"},"primaryImageOfPage":{"@id":"https:\/\/rovfluen.com\/vare\/haandsproejte-15-liter-eller-lign\/#primaryimage"},"image":{"@id":"https:\/\/rovfluen.com\/vare\/haandsproejte-15-liter-eller-lign\/#primaryimage"},"thumbnailUrl":"https:\/\/rovfluen.com\/wp-content\/uploads\/2020\/02\/cooper-pegler-handsprojte-15-liter.jpg","datePublished":"2020-02-12T09:35:13+00:00","dateModified":"2025-06-06T06:30:37+00:00","breadcrumb":{"@id":"https:\/\/rovfluen.com\/vare\/haandsproejte-15-liter-eller-lign\/#breadcrumb"},"inLanguage":"de","potentialAction":[{"@type":"ReadAction","target":["https:\/\/rovfluen.com\/vare\/haandsproejte-15-liter-eller-lign\/"]}]},{"@type":"ImageObject","inLanguage":"de","@id":"https:\/\/rovfluen.com\/vare\/haandsproejte-15-liter-eller-lign\/#primaryimage","url":"https:\/\/rovfluen.com\/wp-content\/uploads\/2020\/02\/cooper-pegler-handsprojte-15-liter.jpg","contentUrl":"https:\/\/rovfluen.com\/wp-content\/uploads\/2020\/02\/cooper-pegler-handsprojte-15-liter.jpg","width":458,"height":458},{"@type":"BreadcrumbList","@id":"https:\/\/rovfluen.com\/vare\/haandsproejte-15-liter-eller-lign\/#breadcrumb","itemListElement":[{"@type":"ListItem","position":1,"name":"Home","item":"https:\/\/rovfluen.com\/"},{"@type":"ListItem","position":2,"name":"Produkter","item":"https:\/\/rovfluen.com\/produkter\/"},{"@type":"ListItem","position":3,"name":"H\u00e5ndspr\u00f8jte 1,5 liter eller lign."}]},{"@type":"WebSite","@id":"https:\/\/rovfluen.com\/#website","url":"https:\/\/rovfluen.com\/","name":"Rovfluen ApS","description":"","publisher":{"@id":"https:\/\/rovfluen.com\/#organization"},"potentialAction":[{"@type":"SearchAction","target":{"@type":"EntryPoint","urlTemplate":"https:\/\/rovfluen.com\/?s={search_term_string}"},"query-input":{"@type":"PropertyValueSpecification","valueRequired":true,"valueName":"search_term_string"}}],"inLanguage":"de"},{"@type":"Organization","@id":"https:\/\/rovfluen.com\/#organization","name":"Rovfluen ApS","url":"https:\/\/rovfluen.com\/","logo":{"@type":"ImageObject","inLanguage":"de","@id":"https:\/\/rovfluen.com\/#\/schema\/logo\/image\/","url":"https:\/\/rovfluen.com\/wp-content\/uploads\/2020\/01\/logo-png.png","contentUrl":"https:\/\/rovfluen.com\/wp-content\/uploads\/2020\/01\/logo-png.png","width":1290,"height":224,"caption":"Rovfluen ApS"},"image":{"@id":"https:\/\/rovfluen.com\/#\/schema\/logo\/image\/"}}]}},"_links":{"self":[{"href":"https:\/\/rovfluen.com\/de\/wp-json\/wp\/v2\/product\/824","targetHints":{"allow":["GET"]}}],"collection":[{"href":"https:\/\/rovfluen.com\/de\/wp-json\/wp\/v2\/product"}],"about":[{"href":"https:\/\/rovfluen.com\/de\/wp-json\/wp\/v2\/types\/product"}],"replies":[{"embeddable":true,"href":"https:\/\/rovfluen.com\/de\/wp-json\/wp\/v2\/comments?post=824"}],"wp:featuredmedia":[{"embeddable":true,"href":"https:\/\/rovfluen.com\/de\/wp-json\/wp\/v2\/media\/825"}],"wp:attachment":[{"href":"https:\/\/rovfluen.com\/de\/wp-json\/wp\/v2\/media?parent=824"}],"wp:term":[{"taxonomy":"product_brand","embeddable":true,"href":"https:\/\/rovfluen.com\/de\/wp-json\/wp\/v2\/product_brand?post=824"},{"taxonomy":"product_cat","embeddable":true,"href":"https:\/\/rovfluen.com\/de\/wp-json\/wp\/v2\/product_cat?post=824"},{"taxonomy":"product_tag","embeddable":true,"href":"https:\/\/rovfluen.com\/de\/wp-json\/wp\/v2\/product_tag?post=824"}],"curies":[{"name":"wp","href":"https:\/\/api.w.org\/{rel}","templated":true}]}}